{"id":53,"date":"2015-05-18T13:05:21","date_gmt":"2015-05-18T12:05:21","guid":{"rendered":"http:\/\/www.pcd-online.fr\/?page_id=53"},"modified":"2022-11-05T11:08:09","modified_gmt":"2022-11-05T10:08:09","slug":"nos-references","status":"publish","type":"page","link":"https:\/\/pcdonline.fr\/index.php\/nos-references\/","title":{"rendered":"Rapports d&rsquo;Activit\u00e9"},"content":{"rendered":"<div id=\"dslc-theme-content\"><div id=\"dslc-theme-content-inner\"><div class=\"row\">\n<div class=\"col-sm-8\">\n<h3>&#8211; <span style=\"text-decoration: underline;\">Projets pour l&rsquo;ann\u00e9e en cours<\/span>\u00a0 :<\/h3>\n<\/div>\n<\/div>\n<p>\u00a0<\/p>\n<p>\u00a0<\/p>\n<div class=\"row\">\n<p>Rapports d&rsquo;activit\u00e9 ann\u00e9e 2021\u00a0 et projets 2022 <a href=\"https:\/\/pcdonline.fr\/wp-content\/uploads\/2022\/11\/Rapport-2021-Projets-2022.pdf\">: cliquer ici<\/a><\/p>\n<p>Rapports d&rsquo;activit\u00e9 ann\u00e9e 2020\u00a0 et projets 2021 :<a href=\"https:\/\/pcdonline.fr\/wp-content\/uploads\/2022\/11\/Rapport-2020-proj-2021.pdf\"> cliquer ici<\/a><\/p>\n<\/div>\n<h4>\u00a0<\/h4>\n<div class=\"row\">\n<div class=\"col-sm-8\">\n<h4>\u00a0&#8211; <span style=\"text-decoration: underline;\">Rapports Pr\u00e9c\u00e9dents<\/span> :<\/h4>\n<p>\u00a0<\/p>\n<p>&#8211;\u00a0 <a href=\"http:\/\/pcdonline.fr\/wp-content\/uploads\/2020\/12\/Rapport-dActivite%CC%81-2019-2020-de%CC%81finitif.pdf\">Ann\u00e9e 2019 &#8211; 2020<\/a><\/p>\n<p>&#8211; <a href=\"http:\/\/pcdonline.fr\/wp-content\/uploads\/2019\/08\/Rapport-activite-2018-Projets-2019.pdf\">Ann\u00e9es 2018 &#8211; 2019<\/a><\/p>\n<p>&#8211; Ann\u00e9es 2017 &#8211; 2018<\/p>\n<p>&#8211; <a href=\"http:\/\/pcdonline.fr\/wp-content\/uploads\/2017\/11\/Rapport-dActivit\u00e9-2016-projets-2017.pdf\">Ann\u00e9es 2016 &#8211; 2017<\/a><\/p>\n<p>&#8211; Ann\u00e9es <a href=\"http:\/\/pcdonline.fr\/wp-content\/uploads\/2017\/11\/Rapport-dActivit\u00e9-2016-projets-2017.pdf\">2015-2016<\/a><\/p>\n<p>&#8211;\u00a0Ann\u00e9e <a href=\"http:\/\/pcdonline.fr\/wp-content\/uploads\/2015\/07\/Bilan2014-2015.pdf\" target=\"_blank\" rel=\"noopener noreferrer\">2014 &#8211; 2015\u00a0<\/a><\/p>\n<p>&#8211; Ann\u00e9es 2012 &#8211; 2013<\/p>\n<p><a href=\"http:\/\/pcdonline.fr\/wp-content\/uploads\/2015\/06\/Bilan2011-2012.pdf\" target=\"_blank\" rel=\"noopener noreferrer\">Ann\u00e9es 2011 &#8211; 2012<\/a><\/p>\n<p><a href=\"http:\/\/pcdonline.fr\/wp-content\/uploads\/2015\/06\/Bilan2010-2011.pdf\" target=\"_blank\" rel=\"noopener noreferrer\">Ann\u00e9es 2010 &#8211; 2011<\/a><\/p>\n<p><a href=\"http:\/\/pcdonline.fr\/wp-content\/uploads\/2015\/06\/Bilan2009-2010.pdf\" target=\"_blank\" rel=\"noopener noreferrer\">Ann\u00e9es 2009 &#8211; 2010<\/a><\/p>\n<p>Ann\u00e9es 2008 &#8211; 2009<\/p>\n<p>\u00a0<\/p>\n<p>Pour les rapports d&rsquo;activit\u00e9 a<a href=\"http:\/\/www.pcd-online.fr\/?p=352\" target=\"_blank\" rel=\"noopener noreferrer\">vant 2008<\/a><\/p>\n<\/div>\n<div class=\"col-sm-4\">\n<h3 style=\"text-align: center;\">Sur le terrain &#8230;<\/h3>\n<div id=\"gallery-69ec08ed51083\" class=\"media-gallery\">\n\t<div class=\"row columns-3\">\n\t\t\t\t<div class=\"col-sm masonry-item\">\n\t\t\t<a href=\"https:\/\/pcdonline.fr\/pcd\/\" class=\"\">\n\t\t\t\t<span class=\"media-item\"><img decoding=\"async\" src=\"https:\/\/pcdonline.fr\/wp-content\/uploads\/2015\/05\/PCD.jpg\" \/><\/span>\n\t\t\t\t<span class=\"media-overlay\">\n\t\t\t\t\t<span class=\"media-icon\"><span class=\"font-icon\"><span class=\"fa fa-smooth fa-2x fa-search-plus\"><\/span><\/span><\/span>\n\t\t\t\t<\/span>\n\t\t\t<\/a>\n\t\t<\/div>\n\t\t\t\t<div class=\"col-sm masonry-item\">\n\t\t\t<a href=\"https:\/\/pcdonline.fr\/benin_parakou\/\" class=\"\">\n\t\t\t\t<span class=\"media-item\"><img decoding=\"async\" src=\"https:\/\/pcdonline.fr\/wp-content\/uploads\/2015\/05\/B\u00e9nin_Parakou.jpg\" \/><\/span>\n\t\t\t\t<span class=\"media-overlay\">\n\t\t\t\t\t<span class=\"media-icon\"><span class=\"font-icon\"><span class=\"fa fa-smooth fa-2x fa-search-plus\"><\/span><\/span><\/span>\n\t\t\t\t<\/span>\n\t\t\t<\/a>\n\t\t<\/div>\n\t\t\t\t<div class=\"col-sm masonry-item\">\n\t\t\t<a href=\"https:\/\/pcdonline.fr\/cote-divoire-2-credit-gdavid\/\" class=\"\">\n\t\t\t\t<span class=\"media-item\"><img decoding=\"async\" src=\"https:\/\/pcdonline.fr\/wp-content\/uploads\/2015\/05\/Cote-dIvoire-2-cr\u00e9dit-GDAVID.jpg\" \/><\/span>\n\t\t\t\t<span class=\"media-overlay\">\n\t\t\t\t\t<span class=\"media-icon\"><span class=\"font-icon\"><span class=\"fa fa-smooth fa-2x fa-search-plus\"><\/span><\/span><\/span>\n\t\t\t\t<\/span>\n\t\t\t<\/a>\n\t\t<\/div>\n\t\t\t\t<div class=\"col-sm masonry-item\">\n\t\t\t<a href=\"https:\/\/pcdonline.fr\/cote-divoire-3-credit-gdavid\/\" class=\"\">\n\t\t\t\t<span class=\"media-item\"><img decoding=\"async\" src=\"https:\/\/pcdonline.fr\/wp-content\/uploads\/2015\/05\/Cote-dIvoire-3-cr\u00e9dit-GDAVID.jpg\" \/><\/span>\n\t\t\t\t<span class=\"media-overlay\">\n\t\t\t\t\t<span class=\"media-icon\"><span class=\"font-icon\"><span class=\"fa fa-smooth fa-2x fa-search-plus\"><\/span><\/span><\/span>\n\t\t\t\t<\/span>\n\t\t\t<\/a>\n\t\t<\/div>\n\t\t\t\t<div class=\"col-sm masonry-item\">\n\t\t\t<a href=\"https:\/\/pcdonline.fr\/formation-technicien-2\/\" class=\"\">\n\t\t\t\t<span class=\"media-item\"><img decoding=\"async\" src=\"https:\/\/pcdonline.fr\/wp-content\/uploads\/2015\/05\/Formation-Technicien-2.jpeg\" \/><\/span>\n\t\t\t\t<span class=\"media-overlay\">\n\t\t\t\t\t<span class=\"media-icon\"><span class=\"font-icon\"><span class=\"fa fa-smooth fa-2x fa-search-plus\"><\/span><\/span><\/span>\n\t\t\t\t<\/span>\n\t\t\t<\/a>\n\t\t<\/div>\n\t\t\t\t<div class=\"col-sm masonry-item\">\n\t\t\t<a href=\"https:\/\/pcdonline.fr\/labo_benin-2\/\" class=\"\">\n\t\t\t\t<span class=\"media-item\"><img decoding=\"async\" src=\"https:\/\/pcdonline.fr\/wp-content\/uploads\/2015\/05\/Labo_Benin1.jpeg\" \/><\/span>\n\t\t\t\t<span class=\"media-overlay\">\n\t\t\t\t\t<span class=\"media-icon\"><span class=\"font-icon\"><span class=\"fa fa-smooth fa-2x fa-search-plus\"><\/span><\/span><\/span>\n\t\t\t\t<\/span>\n\t\t\t<\/a>\n\t\t<\/div>\n\t\t\t\t<div class=\"col-sm masonry-item\">\n\t\t\t<a href=\"https:\/\/pcdonline.fr\/mali-2-credit-gdavid\/\" class=\"\">\n\t\t\t\t<span class=\"media-item\"><img decoding=\"async\" src=\"https:\/\/pcdonline.fr\/wp-content\/uploads\/2015\/05\/Mali-2-cr\u00e9dit-GDAVID.jpg\" \/><\/span>\n\t\t\t\t<span class=\"media-overlay\">\n\t\t\t\t\t<span class=\"media-icon\"><span class=\"font-icon\"><span class=\"fa fa-smooth fa-2x fa-search-plus\"><\/span><\/span><\/span>\n\t\t\t\t<\/span>\n\t\t\t<\/a>\n\t\t<\/div>\n\t\t\t\t<div class=\"col-sm masonry-item\">\n\t\t\t<a href=\"https:\/\/pcdonline.fr\/mali-3-credit-gdavid\/\" class=\"\">\n\t\t\t\t<span class=\"media-item\"><img decoding=\"async\" src=\"https:\/\/pcdonline.fr\/wp-content\/uploads\/2015\/05\/Mali-3-cr\u00e9dit-GDAVID.jpg\" \/><\/span>\n\t\t\t\t<span class=\"media-overlay\">\n\t\t\t\t\t<span class=\"media-icon\"><span class=\"font-icon\"><span class=\"fa fa-smooth fa-2x fa-search-plus\"><\/span><\/span><\/span>\n\t\t\t\t<\/span>\n\t\t\t<\/a>\n\t\t<\/div>\n\t\t\t\t<div class=\"col-sm masonry-item\">\n\t\t\t<a href=\"https:\/\/pcdonline.fr\/mali-4-credit-gdavid\/\" class=\"\">\n\t\t\t\t<span class=\"media-item\"><img decoding=\"async\" src=\"https:\/\/pcdonline.fr\/wp-content\/uploads\/2015\/05\/Mali-4-cr\u00e9dit-GDAVID.jpg\" \/><\/span>\n\t\t\t\t<span class=\"media-overlay\">\n\t\t\t\t\t<span class=\"media-icon\"><span class=\"font-icon\"><span class=\"fa fa-smooth fa-2x fa-search-plus\"><\/span><\/span><\/span>\n\t\t\t\t<\/span>\n\t\t\t<\/a>\n\t\t<\/div>\n\t\t\t\t<div class=\"col-sm masonry-item\">\n\t\t\t<a href=\"https:\/\/pcdonline.fr\/mali-credit-gdavid\/\" class=\"\">\n\t\t\t\t<span class=\"media-item\"><img decoding=\"async\" src=\"https:\/\/pcdonline.fr\/wp-content\/uploads\/2015\/05\/Mali-cr\u00e9dit-GDAVID.jpg\" \/><\/span>\n\t\t\t\t<span class=\"media-overlay\">\n\t\t\t\t\t<span class=\"media-icon\"><span class=\"font-icon\"><span class=\"fa fa-smooth fa-2x fa-search-plus\"><\/span><\/span><\/span>\n\t\t\t\t<\/span>\n\t\t\t<\/a>\n\t\t<\/div>\n\t\t\t\t<div class=\"col-sm masonry-item\">\n\t\t\t<a href=\"https:\/\/pcdonline.fr\/p1190484\/\" class=\"\">\n\t\t\t\t<span class=\"media-item\"><img decoding=\"async\" src=\"https:\/\/pcdonline.fr\/wp-content\/uploads\/2015\/05\/P1190484.jpg\" \/><\/span>\n\t\t\t\t<span class=\"media-overlay\">\n\t\t\t\t\t<span class=\"media-icon\"><span class=\"font-icon\"><span class=\"fa fa-smooth fa-2x fa-search-plus\"><\/span><\/span><\/span>\n\t\t\t\t<\/span>\n\t\t\t<\/a>\n\t\t<\/div>\n\t\t\t\t<div class=\"col-sm masonry-item\">\n\t\t\t<a href=\"https:\/\/pcdonline.fr\/p1190602\/\" class=\"\">\n\t\t\t\t<span class=\"media-item\"><img decoding=\"async\" src=\"https:\/\/pcdonline.fr\/wp-content\/uploads\/2015\/05\/P1190602.jpg\" \/><\/span>\n\t\t\t\t<span class=\"media-overlay\">\n\t\t\t\t\t<span class=\"media-icon\"><span class=\"font-icon\"><span class=\"fa fa-smooth fa-2x fa-search-plus\"><\/span><\/span><\/span>\n\t\t\t\t<\/span>\n\t\t\t<\/a>\n\t\t<\/div>\n\t\t\t\t<div class=\"col-sm masonry-item\">\n\t\t\t<a href=\"https:\/\/pcdonline.fr\/p1190915\/\" class=\"\">\n\t\t\t\t<span class=\"media-item\"><img decoding=\"async\" src=\"https:\/\/pcdonline.fr\/wp-content\/uploads\/2015\/05\/P1190915.jpg\" \/><\/span>\n\t\t\t\t<span class=\"media-overlay\">\n\t\t\t\t\t<span class=\"media-icon\"><span class=\"font-icon\"><span class=\"fa fa-smooth fa-2x fa-search-plus\"><\/span><\/span><\/span>\n\t\t\t\t<\/span>\n\t\t\t<\/a>\n\t\t<\/div>\n\t\t\t\t<div class=\"col-sm masonry-item\">\n\t\t\t<a href=\"https:\/\/pcdonline.fr\/promotion-yaounde-2010\/\" class=\"\">\n\t\t\t\t<span class=\"media-item\"><img decoding=\"async\" src=\"https:\/\/pcdonline.fr\/wp-content\/uploads\/2015\/06\/Promotion-Yaound\u00e9-2010.jpg\" \/><\/span>\n\t\t\t\t<span class=\"media-overlay\">\n\t\t\t\t\t<span class=\"media-icon\"><span class=\"font-icon\"><span class=\"fa fa-smooth fa-2x fa-search-plus\"><\/span><\/span><\/span>\n\t\t\t\t<\/span>\n\t\t\t<\/a>\n\t\t<\/div>\n\t\t\t<\/div>\n<\/div>\n\t<script type=\"text\/javascript\">\n\t\t(function($){\n\t\t\t\"use strict\";\n\t\t\tvar masonry_id = '#gallery-69ec08ed51083 .row';\n\t\t\t$(masonry_id).waitForImages(function(){\n\t\t\t\t$(this).masonry({\n\t\t\t\t\titemSelector: '.masonry-item'\n\t\t\t\t});\n\t\t\t});\n\t\t})(jQuery);\n\t<\/script>\n\n<p><img decoding=\"async\" class=\"img-responsive ngg_displayed_gallery mceItem\" src=\"http:\/\/www.pcd-online.fr\/nextgen-attach_to_post\/preview\/id--288\" alt=\"\" data-mce-placeholder=\"1\" \/><\/p>\n<\/div>\n<\/div>\n\n\n<p><\/p>\n<\/div><\/div>","protected":false},"excerpt":{"rendered":"<p>&#8211; Projets pour l&rsquo;ann\u00e9e en cours\u00a0 : \u00a0 \u00a0 Rapports d&rsquo;activit\u00e9 ann\u00e9e 2021\u00a0 et projets 2022 : cliquer ici Rapports d&rsquo;activit\u00e9 ann\u00e9e 2020\u00a0 et projets 2021 : cliquer ici \u00a0 \u00a0&#8211; Rapports Pr\u00e9c\u00e9dents : \u00a0 &#8211;\u00a0 Ann\u00e9e 2019 &#8211; 2020 &#8211; Ann\u00e9es 2018 &#8211; 2019 &#8211; Ann\u00e9es 2017 &#8211; 2018 &#8211; Ann\u00e9es 2016 &#8211; 2017[&hellip;]<\/p>\n","protected":false},"author":1,"featured_media":0,"parent":0,"menu_order":0,"comment_status":"open","ping_status":"open","template":"","meta":{"footnotes":""},"class_list":["post-53","page","type-page","status-publish","hentry"],"_links":{"self":[{"href":"https:\/\/pcdonline.fr\/index.php\/wp-json\/wp\/v2\/pages\/53","targetHints":{"allow":["GET"]}}],"collection":[{"href":"https:\/\/pcdonline.fr\/index.php\/wp-json\/wp\/v2\/pages"}],"about":[{"href":"https:\/\/pcdonline.fr\/index.php\/wp-json\/wp\/v2\/types\/page"}],"author":[{"embeddable":true,"href":"https:\/\/pcdonline.fr\/index.php\/wp-json\/wp\/v2\/users\/1"}],"replies":[{"embeddable":true,"href":"https:\/\/pcdonline.fr\/index.php\/wp-json\/wp\/v2\/comments?post=53"}],"version-history":[{"count":7,"href":"https:\/\/pcdonline.fr\/index.php\/wp-json\/wp\/v2\/pages\/53\/revisions"}],"predecessor-version":[{"id":578,"href":"https:\/\/pcdonline.fr\/index.php\/wp-json\/wp\/v2\/pages\/53\/revisions\/578"}],"wp:attachment":[{"href":"https:\/\/pcdonline.fr\/index.php\/wp-json\/wp\/v2\/media?parent=53"}],"curies":[{"name":"wp","href":"https:\/\/api.w.org\/{rel}","templated":true}]}}