{"id":45,"date":"2015-05-18T13:03:57","date_gmt":"2015-05-18T12:03:57","guid":{"rendered":"http:\/\/www.pcd-online.fr\/?page_id=45"},"modified":"2015-05-18T13:03:57","modified_gmt":"2015-05-18T12:03:57","slug":"qui-sommes-nous","status":"publish","type":"page","link":"https:\/\/pcdonline.fr\/index.php\/qui-sommes-nous\/","title":{"rendered":"Qui sommes-nous"},"content":{"rendered":"<div id=\"dslc-theme-content\"><div id=\"dslc-theme-content-inner\"><div class=\"row\">\n<div class=\"col-sm-8\">\n<h2>PCD est une association humanitaire \u00abloi 1901\u00a0\u00bb cr\u00e9\u00e9e en 1992 regroupant des m\u00e9decins et techniciens anatomo-cyto-pathologistes francophones, soucieux d\u2019aider leurs coll\u00e8gues de pays \u00e9trangers moins favoris\u00e9s<\/h2>\n<p>&nbsp;<\/p>\n<p>Une part importante de son action se d\u00e9roule en Afrique Francophone mais d&rsquo;autres collaborations se sont mises en place avec des pays du Sud-Est Asiatique, de l&rsquo;Europe de L&rsquo;Est et du Moyen Orient.<\/p>\n<p>Toute personne d\u00e9sireuse de donner un peu de son temps\u00a0 pour aider au d\u00e9veloppement de l&rsquo;anatomie pathologique das les pays \u00e9mergeants est la bienvenue au sein de l&rsquo;association.<\/p>\n<h3 style=\"text-align: center;\">Mais &#8230; Qu&rsquo;est ce que l&rsquo;Anatomie Pathologique ?<\/h3>\n<p><strong>L&rsquo;Anatomie et Cytologie Pathologiques (ACP)<\/strong> est une sp\u00e9cialit\u00e9 m\u00e9dicale qui \u00e9tudie les modifications morphologiques des organes au cours des processus pathologiques. Elle repose sur l&rsquo;analyse des cellules et des tissus par diverses m\u00e9thodes, principalement bas\u00e9es sur la morphologie. Elle a un but diagnostique. Elle permet en outre de fournir des \u00e9l\u00e9ments d&rsquo;appr\u00e9ciation du pronostic des maladies, d&rsquo;\u00e9valuer les r\u00e9sultats des traitements et de mieux comprendre les causes et les m\u00e9canismes des maladies.<\/p>\n<p>Les r\u00e9sultats des examens anatomo-cytopathologistes sont \u00e0 la base du diagnostic des maladies organiques et conditionnent les orientations th\u00e9rapeutiques. La recherche de la qualit\u00e9 et de la s\u00e9curit\u00e9 des r\u00e9sultats doit \u00eatre une pr\u00e9occupation constante de tout m\u00e9decin ACP. La bonne ex\u00e9cution des actes est une des conditions d\u00e9terminantes de cette qualit\u00e9.<\/p>\n<p><strong>L&rsquo;ACP est une discipline m\u00e9dicale sous-repr\u00e9sent\u00e9e dans les pays en voie de d\u00e9veloppement\u00a0<\/strong> alors qu&rsquo;elle est l&rsquo;examen incontournable pour le d\u00e9pistage pr\u00e9coce et le diagnostic des cancers. Les difficult\u00e9s sont de trois ordres :<\/p>\n<p>1- le faible nombre de laboratoires : certains pays d\u2019Afrique de l\u2019Ouest ne b\u00e9n\u00e9ficient que d\u2019un seul laboratoire d\u2019anatomie pathologique pour plusieurs millions d&rsquo;habitants !!!<\/p>\n<p>2- le d\u00e9faut d\u2019\u00e9quipements, de produits de base, de consommables du fait de r\u00e9seaux d&rsquo;approvisionnement peu d\u00e9velopp\u00e9s et du fait des co\u00fbts trop \u00e9lev\u00e9s pour les \u00e9conomies locales<\/p>\n<p>3- le d\u00e9faut en ressources humaines : discipline m\u00e9connue, mal reconnue , l&rsquo;ACP peine \u00e0 susciter des vocations tant chez les techniciens que chez les m\u00e9decins. A titre de comparaison on compte une centaine de pathologiste pour toute l&rsquo;Afrique Sub-saharienne Francophone pour un bassin de population d&rsquo;environ 250 millions d&rsquo;habitants quand la France en compte environ 1500 pour 60 millions d&rsquo;habitants&#8230;<\/p>\n<h3 style=\"text-align: center;\">En pratique que fait-on\u00a0 ?<\/h3>\n<p>Depuis plus de vingt ans l&rsquo;action de PCD s&rsquo;effectue sur 3 axes :<\/p>\n<p>1 &#8211; <strong>Aide logistique<\/strong><\/p>\n<p>Nous collectons dans les laboratoires publics ou priv\u00e9s du mat\u00e9riel r\u00e9form\u00e9. ces automates sont stock\u00e9s, r\u00e9vis\u00e9s, r\u00e9par\u00e9s s\u2019il le faut. PCD planifie ensuite l&rsquo;envoi de colis en fonction des demandes de soutien \u00e9manant des laboratoires locaux. En moyenne, 4 \u00e0 5 envois sont organis\u00e9s chaque ann\u00e9e.<\/p>\n<p>Autant que possible, nous livrons les m\u00eames machines que celles existantes pour les pi\u00e8ces de rechange. Des consommables (colorants en poudre, lames, lamelles, paraffine, solvants, cassettes\u2026) sont \u00e9galement fournis.<\/p>\n<p>Cette collecte de mat\u00e9riel n\u00e9cessite d&rsquo;importantes ressources humaines en France, pour pouvoir r\u00e9cup\u00e9rer sur site les automates et les acheminer vers les sites de stockage \u00e0 Amblainville .<\/p>\n<p>2 &#8211; <strong>Aide \u00e0 la formation des personnes<\/strong><\/p>\n<p>&#8211; aide \u00e0 l\u2019obtention de stages en France pour les m\u00e9decins en formation<\/p>\n<p>-aide au voyage et \u00e0 l\u2019accueil en France lors des congr\u00e8s et s\u00e9minaires<\/p>\n<p>&#8211; modules de perfectionnement aux techniques d&rsquo;anatomie pathologique<\/p>\n<p>Huit modules ont \u00e9t\u00e9 r\u00e9alis\u00e9s depuis 2004 ( Yaound\u00e9, Cotonou, Tananarive) ; ils sont organis\u00e9s \u00e0 chaque fois pour un nombre limit\u00e9 de personnes (quinze technicien(ne)s) afin de permettre un suivi individualis\u00e9. Les enseignements th\u00e9oriques et pratiques sont r\u00e9alis\u00e9s sur place, dans les conditions locales, par des techniciennes de l\u2019AP-HP. ; le but \u00e9tant que chaque participant ait acquis les connaissances n\u00e9cessiares pour la r\u00e9alisation de coloration (HES, PAS, Giemsa, ..) de base de qualit\u00e9. Des modules concernant les techniques d&rsquo;immunohistochimie sont en pr\u00e9paration (Cotonou, Abidjan, &#8230;)<\/p>\n<p>-tutorat \u00e0 Yaound\u00e9 pour la formation des cytotechniciens, des r\u00e9sidents et des m\u00e9decins en cours de sp\u00e9cialisation au d\u00e9pistage du cancer du col de l\u2019ut\u00e9rus<\/p>\n<p>3 &#8211; <strong>Missions d&rsquo;\u00e9valuation sur le terrain<\/strong><\/p>\n<p>Les membres de PCD sont \u00e9galement amen\u00e9s \u00e0 se d\u00e9placer pour des missions d&rsquo;\u00e9valuation ; c&rsquo;est l&rsquo;occasion de rencontrer les \u00e9quipes locales, d&rsquo;apporter des solutions organisationnelles ou techniques difficilement imaginables en \u00e9tant d\u00e9connect\u00e9 de la r\u00e9alit\u00e9 du terrain.<\/p>\n<\/div>\n<div class=\"col-sm-4\">\n<h3 style=\"text-align: center;\">Sur le terrain&#8230;<\/h3>\n<p><img decoding=\"async\" class=\"img-responsive ngg_displayed_gallery mceItem\" src=\"http:\/\/www.pcd-online.fr\/nextgen-attach_to_post\/preview\/id--288\" alt=\"\" data-mce-placeholder=\"1\" \/><\/p>\n<\/div>\n<p>&nbsp;<\/p>\n<\/div>\n<\/div><\/div>","protected":false},"excerpt":{"rendered":"<p>PCD est une association humanitaire \u00abloi 1901\u00a0\u00bb cr\u00e9\u00e9e en 1992 regroupant des m\u00e9decins et techniciens anatomo-cyto-pathologistes francophones, soucieux d\u2019aider leurs coll\u00e8gues de pays \u00e9trangers moins favoris\u00e9s &nbsp; Une part importante de son action se d\u00e9roule en Afrique Francophone mais d&rsquo;autres collaborations se sont mises en place avec des pays du Sud-Est Asiatique, de l&rsquo;Europe de[&hellip;]<\/p>\n","protected":false},"author":1,"featured_media":0,"parent":0,"menu_order":0,"comment_status":"open","ping_status":"open","template":"","meta":{"footnotes":""},"class_list":["post-45","page","type-page","status-publish","hentry"],"_links":{"self":[{"href":"https:\/\/pcdonline.fr\/index.php\/wp-json\/wp\/v2\/pages\/45","targetHints":{"allow":["GET"]}}],"collection":[{"href":"https:\/\/pcdonline.fr\/index.php\/wp-json\/wp\/v2\/pages"}],"about":[{"href":"https:\/\/pcdonline.fr\/index.php\/wp-json\/wp\/v2\/types\/page"}],"author":[{"embeddable":true,"href":"https:\/\/pcdonline.fr\/index.php\/wp-json\/wp\/v2\/users\/1"}],"replies":[{"embeddable":true,"href":"https:\/\/pcdonline.fr\/index.php\/wp-json\/wp\/v2\/comments?post=45"}],"version-history":[{"count":0,"href":"https:\/\/pcdonline.fr\/index.php\/wp-json\/wp\/v2\/pages\/45\/revisions"}],"wp:attachment":[{"href":"https:\/\/pcdonline.fr\/index.php\/wp-json\/wp\/v2\/media?parent=45"}],"curies":[{"name":"wp","href":"https:\/\/api.w.org\/{rel}","templated":true}]}}