{"id":178,"date":"2015-06-02T07:58:58","date_gmt":"2015-06-02T06:58:58","guid":{"rendered":"http:\/\/www.pcd-online.fr\/?page_id=178"},"modified":"2015-06-02T07:58:58","modified_gmt":"2015-06-02T06:58:58","slug":"documents-utiles","status":"publish","type":"page","link":"https:\/\/pcdonline.fr\/index.php\/documents-utiles\/","title":{"rendered":"Documents et liens utiles"},"content":{"rendered":"<div id=\"dslc-theme-content\"><div id=\"dslc-theme-content-inner\"><div class=\"container\"><div class=\"row\">\n<div class=\"col-sm-8\">\n<h3>Sur cette page vous trouverez<\/h3>\n<ul>\n<li>\n<h4>d&rsquo;une part les notices d&rsquo;utilisation des automates en stock \u00e0 PCD :<\/h4>\n<\/li>\n<\/ul>\n<p>Soci\u00e9t\u00e9 <a href=\"http:\/\/www.pcd-online.fr\/?p=321\" target=\"_blank\">LEICA<\/a><\/p>\n<p>Soci\u00e9t\u00e9 <a href=\"http:\/\/www.pcd-online.fr\/?p=335\" target=\"_blank\">MM France<\/a><\/p>\n<p>Soci\u00e9t\u00e9 <a href=\"http:\/\/www.pcd-online.fr\/?p=327\" target=\"_blank\">SAKURA<\/a><\/p>\n<p>&nbsp;<\/p>\n<ul>\n<li>\n<h4>D&rsquo;autre part les liens utiles vers les sites que nous recommandons<\/h4>\n<\/li>\n<\/ul>\n<p><a href=\"http:\/\/www.pcd-online.fr\/?p=343\" target=\"_blank\">Soci\u00e9t\u00e9s Savantes<\/a> Fran\u00e7aises ou Francophones<\/p>\n<p>&nbsp;<\/p>\n<p><a href=\"http:\/\/www.pcd-online.fr\/?p=346\" target=\"_blank\">Associations Partenaires<\/a> de PCD\n<\/div>\n<div class=\"col-sm-4\">\n<h3 style=\"text-align: center;\">Sur le terrain &#8230;<\/h3>\n<p><img decoding=\"async\" class=\"img-responsive ngg_displayed_gallery mceItem\" src=\"http:\/\/www.pcd-online.fr\/nextgen-attach_to_post\/preview\/id--288\" alt=\"\" data-mce-placeholder=\"1\" \/>\n<\/div>\n<\/div>\n<\/div><\/div><\/div>","protected":false},"excerpt":{"rendered":"<p>Sur cette page vous trouverez d&rsquo;une part les notices d&rsquo;utilisation des automates en stock \u00e0 PCD : Soci\u00e9t\u00e9 LEICA Soci\u00e9t\u00e9 MM France Soci\u00e9t\u00e9 SAKURA &nbsp; D&rsquo;autre part les liens utiles vers les sites que nous recommandons Soci\u00e9t\u00e9s Savantes Fran\u00e7aises ou Francophones &nbsp; Associations Partenaires de PCD Sur le terrain &#8230;<\/p>\n","protected":false},"author":1,"featured_media":0,"parent":0,"menu_order":0,"comment_status":"open","ping_status":"open","template":"","meta":{"footnotes":""},"class_list":["post-178","page","type-page","status-publish","hentry"],"_links":{"self":[{"href":"https:\/\/pcdonline.fr\/index.php\/wp-json\/wp\/v2\/pages\/178","targetHints":{"allow":["GET"]}}],"collection":[{"href":"https:\/\/pcdonline.fr\/index.php\/wp-json\/wp\/v2\/pages"}],"about":[{"href":"https:\/\/pcdonline.fr\/index.php\/wp-json\/wp\/v2\/types\/page"}],"author":[{"embeddable":true,"href":"https:\/\/pcdonline.fr\/index.php\/wp-json\/wp\/v2\/users\/1"}],"replies":[{"embeddable":true,"href":"https:\/\/pcdonline.fr\/index.php\/wp-json\/wp\/v2\/comments?post=178"}],"version-history":[{"count":0,"href":"https:\/\/pcdonline.fr\/index.php\/wp-json\/wp\/v2\/pages\/178\/revisions"}],"wp:attachment":[{"href":"https:\/\/pcdonline.fr\/index.php\/wp-json\/wp\/v2\/media?parent=178"}],"curies":[{"name":"wp","href":"https:\/\/api.w.org\/{rel}","templated":true}]}}